{"id":8,"date":"2016-04-27T16:34:43","date_gmt":"2016-04-27T16:34:43","guid":{"rendered":"http:\/\/test-schillerschule.xn--schillerschule-brstadt-7lc.de\/?page_id=8"},"modified":"2025-01-27T09:43:02","modified_gmt":"2025-01-27T09:43:02","slug":"impressum","status":"publish","type":"page","link":"https:\/\/xn--schillerschule-brstadt-7lc.de\/?page_id=8","title":{"rendered":"Impressum"},"content":{"rendered":"<p style=\"text-align: left;\" align=\"center\"><span style=\"font-size: large;\">Grundschule des Kreises Bergstra\u00dfe<\/span><\/p>\n<p style=\"text-align: left;\" align=\"center\"><span style=\"font-size: large;\">mit Vorklasse <\/span><\/p>\n<p style=\"text-align: left;\" align=\"center\">Boxheimerhofstr. 15<\/p>\n<p style=\"text-align: left;\" align=\"center\">68642 B\u00fcrstadt<\/p>\n<p style=\"text-align: left;\" align=\"center\">Telefon: 0 62 06\/909070<\/p>\n<p style=\"text-align: left;\" align=\"center\">Telefax: 0 62 06\/9090729<\/p>\n<p align=\"left\"><a href=\"https:\/\/www.schulserver.hessen.de\/buerstadt\/schiller\/hauptframe.htm\">Haftungsausschluss f\u00fcr den Inhalt verlinkter Seiten <\/a><\/p>\n<p align=\"left\"><a href=\"https:\/\/www.schulserver.hessen.de\/buerstadt\/schiller\/hauptframe.htm\"> <span style=\"color: #000000; font-size: small;\">Der Betreiber dieser Homepage haftet nicht f\u00fcr den Inhalt externer Internetseiten, zu denen er Hyperlinks auf seiner Homepage eingebunden hat.<br>Der Inhalt der externen Seiten entspricht nach Kenntnis des Betreibers dieser Homepage geltendem Recht.<br>Diese Inhalte sind fremde Inhalte im Sinne des \u00a75 II MDStv. bzw. keine eigenen Inhalte gem. \u00a78 I TDG.<br>Von etwaigen Verst\u00f6\u00dfen gegen Rechtsvorschriften durch die externen Seiten ist ihm nichts bekannt.<br>Sollten ohne Wissen des Betreibers auf externen Seiten Rechtsverst\u00f6\u00dfe stattfinden, so distanziert sich der Betreiber hiermit ausdr\u00fccklich von diesen Verst\u00f6\u00dfen.<br>Eine Distanzierung findet auch von den sonstigen rechtm\u00e4\u00dfigen und -widrigen Inhalten der externen Seiten statt, f\u00fcr die lediglich die Betreiber jener Seiten verantwortlich sind und auf die der Betreiber dieser Homepage keinen Einfluss nehmen kann. <\/span><\/a><\/p>\n<p align=\"left\"><a href=\"https:\/\/www.schulserver.hessen.de\/buerstadt\/schiller\/hauptframe.htm\"><span style=\"color: #000000; font-size: small;\">Eine Haftung f\u00fcr den Inhalt des Textes findet nicht statt,<\/span><br><\/a><a href=\"https:\/\/www.recht-der-homepage.de\/\"> <span style=\"color: #000000; font-size: small;\">Urheber: webmaster von www.recht-der-homepage.de<\/span><\/a><\/p>\n<p align=\"left\"><span style=\"color: #000000; font-size: small;\"><a>Der Webmaster handelt im Sinne der Schulleitung der Schillerschule B\u00fcrstadt,<br>vertreten durch den Rektor der Schule, Torsten Wiechmann, Boxheimerhofstr. 15,<br>68642 B\u00fcrstadt (<\/a><a href=\"mailto:schillerschule.buerstadt@kreis-bergstrasse.de\" target=\"_top\" rel=\"noopener noreferrer\">schillerschule-buerstadt@kreis-bergstrasse.de<\/a><a>).<br>Telefon: 06206-707873 und FAX: 06206-707863<\/a><\/span><\/p>\n<p align=\"left\"><span style=\"color: #000000; font-size: small;\"><a>\u00dcberarbeitet und aktualisiert am 24.01.2025 von<br>Werbeatelier g-design <\/a><a href=\"mailto:info@g-design-buerstadt.de\" target=\"Unten\" rel=\"noopener noreferrer\">info@g-design-buerstadt.de<\/a><br>Ingeborg G\u00e4rtner-Grein<br>Gartenstr. 22b<br>68642 B\u00fcrstadt<br>Telefon: 06206-707384<\/span><\/p>\n<p align=\"left\"><a href=\"https:\/\/www.g-design-buerstadt.de\" target=\"_blank\" rel=\"noopener noreferrer\">www.g-design-buerstadt.de<\/a><\/p>\n<p align=\"left\"><span style=\"color: #000000; font-size: small;\">&nbsp;<\/span><\/p>\n<p>&nbsp;<\/p>\n\n\n<p><\/p>\n\n\n\n<p><\/p>\n","protected":false},"excerpt":{"rendered":"<p>Grundschule des Kreises Bergstra\u00dfe mit Vorklasse Boxheimerhofstr. 15 68642 B\u00fcrstadt Telefon: 0 62 06\/909070 Telefax: 0 62 06\/9090729 Haftungsausschluss f\u00fcr den Inhalt verlinkter Seiten Der Betreiber dieser Homepage haftet nicht f\u00fcr den Inhalt externer&#46;&#46;&#46;<\/p>\n","protected":false},"author":4,"featured_media":0,"parent":0,"menu_order":0,"comment_status":"closed","ping_status":"closed","template":"","meta":{"ngg_post_thumbnail":0,"footnotes":""},"class_list":["post-8","page","type-page","status-publish","hentry"],"_links":{"self":[{"href":"https:\/\/xn--schillerschule-brstadt-7lc.de\/index.php?rest_route=\/wp\/v2\/pages\/8","targetHints":{"allow":["GET"]}}],"collection":[{"href":"https:\/\/xn--schillerschule-brstadt-7lc.de\/index.php?rest_route=\/wp\/v2\/pages"}],"about":[{"href":"https:\/\/xn--schillerschule-brstadt-7lc.de\/index.php?rest_route=\/wp\/v2\/types\/page"}],"author":[{"embeddable":true,"href":"https:\/\/xn--schillerschule-brstadt-7lc.de\/index.php?rest_route=\/wp\/v2\/users\/4"}],"replies":[{"embeddable":true,"href":"https:\/\/xn--schillerschule-brstadt-7lc.de\/index.php?rest_route=%2Fwp%2Fv2%2Fcomments&post=8"}],"version-history":[{"count":14,"href":"https:\/\/xn--schillerschule-brstadt-7lc.de\/index.php?rest_route=\/wp\/v2\/pages\/8\/revisions"}],"predecessor-version":[{"id":5300,"href":"https:\/\/xn--schillerschule-brstadt-7lc.de\/index.php?rest_route=\/wp\/v2\/pages\/8\/revisions\/5300"}],"wp:attachment":[{"href":"https:\/\/xn--schillerschule-brstadt-7lc.de\/index.php?rest_route=%2Fwp%2Fv2%2Fmedia&parent=8"}],"curies":[{"name":"wp","href":"https:\/\/api.w.org\/{rel}","templated":true}]}}