{"id":607,"date":"2016-05-17T09:02:13","date_gmt":"2016-05-17T09:02:13","guid":{"rendered":"http:\/\/test-schillerschule.xn--schillerschule-brstadt-7lc.de\/?page_id=607"},"modified":"2024-11-26T12:22:42","modified_gmt":"2024-11-26T12:22:42","slug":"schulelternbeirat","status":"publish","type":"page","link":"https:\/\/xn--schillerschule-brstadt-7lc.de\/?page_id=607","title":{"rendered":"Schulelternbeirat"},"content":{"rendered":"<p dir=\"LTR\" align=\"LEFT\">In jeder Klasse wird, f\u00fcr die Dauer von zwei Jahren, ein Klassenelternbeirat, sowie ein Stellvertreter. gew\u00e4hlt. Diese sind Ansprechpartner f\u00fcr alle Belange der Klassengemeinschaft.<\/p>\n<p dir=\"LTR\" align=\"LEFT\">Der Schulelternbeirat besteht aus den gew\u00e4hlten Elternbeir\u00e4ten der Klassen. Die Mitglieder und die stellvertretenden Klassenelternbeir\u00e4te treffen sich zu regelm\u00e4\u00dfigen Sitzungen in der Schule. Der Schulelternbeirat w\u00e4hlt eine\/n Vorsitzende\/n und eine\/n Stellvertreter\/in.<\/p>\n<p dir=\"LTR\" align=\"LEFT\">Ihre Ansprechpartner sind:<\/p>\n<p dir=\"LTR\" align=\"LEFT\"><span style=\"font-family: Arial; font-size: medium;\"><b><span style=\"color: #000000;\">Herr Martin Wybranietz<\/span><\/b><\/span><\/p>\n<p dir=\"LTR\" align=\"LEFT\">(Vorsitzender)<\/p>\n<h3 dir=\"LTR\" align=\"LEFT\"><span style=\"color: #000000; font-family: Arial; font-size: medium;\">Frau Angela Savasta<\/span><\/h3>\n<p>(Stellvertretende Vorsitzende)<\/p>\n<p dir=\"LTR\" align=\"LEFT\">An der Schillerschule werden zu den Sitzungen des Schulelternbeirats Vertreter der Schulleitung eingeladen. Die Schulleitung informiert \u00fcber die aktuellen Vorg\u00e4nge an der Schule, die die Elternmitwirkung betreffen. \u00dcber Inhalt und Ergebnisse der Sitzungen werden Protokolle erstellt, die allen eingeladenen Sitzungsteilnehmern zur Verf\u00fcgung gestellt werden.<\/p>\n<p dir=\"LTR\" align=\"LEFT\">Auch finden regelm\u00e4\u00dfige Gespr\u00e4che der Vorsitzenden des Schulelternbeirats mit der Schulleitung statt, bei der aktuelle Themen besprochen werden.<\/p>\n<p dir=\"LTR\" align=\"LEFT\">Wenn Sie aktuelle Informationen zu Themen ben\u00f6tigen oder sich \u00fcber Schwierigkeiten des Schulalltages austauschen m\u00f6chten, wenden Sie sich bitte zun\u00e4chst an den Elternvertreter Ihrer Klasse bzw. die Klassenleitung. Ist eine Kl\u00e4rung bzw. L\u00f6sung innerhalb der Klasse nicht m\u00f6glich, sprechen Sie gerne den Schulelternbeirat an.<\/p>\n<p dir=\"LTR\" align=\"LEFT\">Dar\u00fcber hinaus sind Sie jederzeit herzlich eingeladen, das Schulleben mit &#8222;Rat und Tat&#8220; zu begleiten. Wir sind dankbar f\u00fcr Anregungen und Vorschl\u00e4ge wie auch f\u00fc<span lang=\"FR\">r aktives Engagement.<\/span><\/p>\n<p dir=\"LTR\" align=\"LEFT\">Kontaktieren k\u00f6nnen Sie uns per email, oder schriftlich. Hierzu steht Ihnen im Schulsekretariat ein Postk\u00f6rbchen zur Verf\u00fcgung.<\/p>\n<table width=\"269\">\n<tbody>\n<tr>\n<td width=\"65\"><strong>&nbsp;<\/strong><\/p>\n<p><strong>Klasse<\/strong><\/td>\n<td width=\"204\"><strong>&nbsp;<\/strong><\/p>\n<p><strong>Name<\/strong><\/td>\n<\/tr>\n<tr>\n<td width=\"65\">VK<\/td>\n<td width=\"204\">Windemut, Tatjana<\/td>\n<\/tr>\n<tr>\n<td width=\"65\">&nbsp;<\/td>\n<td width=\"204\">Ekin, Megrin<\/td>\n<\/tr>\n<tr>\n<td width=\"65\">&nbsp;<\/td>\n<td width=\"204\">&nbsp;<\/td>\n<\/tr>\n<tr>\n<td width=\"65\">1a<\/td>\n<td width=\"204\">Dr. Unger-Goldinger, Barbara<\/td>\n<\/tr>\n<tr>\n<td width=\"65\">&nbsp;<\/td>\n<td width=\"204\">Dr. Tabibi, Elham<\/td>\n<\/tr>\n<tr>\n<td width=\"65\">1b<\/td>\n<td width=\"204\">Bechtler, Judith<\/td>\n<\/tr>\n<tr>\n<td width=\"65\">&nbsp;<\/td>\n<td width=\"204\">Klau, Jennifer<\/td>\n<\/tr>\n<tr>\n<td width=\"65\">1c<\/td>\n<td width=\"204\">Zimmermann, Gisela<\/td>\n<\/tr>\n<tr>\n<td width=\"65\">&nbsp;<\/td>\n<td width=\"204\">Rasaturai, Periyantha<\/td>\n<\/tr>\n<tr>\n<td width=\"65\">1d<\/td>\n<td width=\"204\">Mader, Jessica<\/td>\n<\/tr>\n<tr>\n<td width=\"65\">&nbsp;<\/td>\n<td width=\"204\">Friedle, Nancy<\/td>\n<\/tr>\n<tr>\n<td width=\"65\">1e<\/td>\n<td width=\"204\">Stiglmeier, Ramona<\/td>\n<\/tr>\n<tr>\n<td width=\"65\">&nbsp;<\/td>\n<td width=\"204\">Radic, Jure<\/td>\n<\/tr>\n<tr>\n<td width=\"65\">1f<\/td>\n<td width=\"204\">Lang, Lena<\/td>\n<\/tr>\n<tr>\n<td width=\"65\">&nbsp;<\/td>\n<td width=\"204\">Ruff, Julia<\/td>\n<\/tr>\n<tr>\n<td width=\"65\">&nbsp;<\/td>\n<td width=\"204\">&nbsp;<\/td>\n<\/tr>\n<tr>\n<td width=\"65\">2a<\/td>\n<td width=\"204\">Freudenberger, Lisa<\/td>\n<\/tr>\n<tr>\n<td width=\"65\">&nbsp;<\/td>\n<td width=\"204\">Herberth, Isabell<\/td>\n<\/tr>\n<tr>\n<td width=\"65\">2b<\/td>\n<td width=\"204\">Erbe, Franziska<\/td>\n<\/tr>\n<tr>\n<td width=\"65\">&nbsp;<\/td>\n<td width=\"204\">Niederh\u00f6fer, Martin<\/td>\n<\/tr>\n<tr>\n<td width=\"65\">2c<\/td>\n<td width=\"204\">Barte, Robert<\/td>\n<\/tr>\n<tr>\n<td width=\"65\">&nbsp;<\/td>\n<td width=\"204\">Lippmann, Steffen<\/td>\n<\/tr>\n<tr>\n<td width=\"65\">2d<\/td>\n<td width=\"204\">Savasta, Angela<\/td>\n<\/tr>\n<tr>\n<td width=\"65\">&nbsp;<\/td>\n<td width=\"204\">Sch\u00f6ps, Frauke<\/td>\n<\/tr>\n<tr>\n<td width=\"65\">2e<\/td>\n<td width=\"204\">Caschetto, Kristina<\/td>\n<\/tr>\n<tr>\n<td width=\"65\">&nbsp;<\/td>\n<td width=\"204\">Hilgers, Annika<\/td>\n<\/tr>\n<tr>\n<td width=\"65\">2f<\/td>\n<td width=\"204\">Heck, Manuela<\/td>\n<\/tr>\n<tr>\n<td width=\"65\">&nbsp;<\/td>\n<td width=\"204\">Giannetta-Italia, Ilenya<\/td>\n<\/tr>\n<tr>\n<td width=\"65\">&nbsp;<\/td>\n<td width=\"204\">&nbsp;<\/td>\n<\/tr>\n<tr>\n<td width=\"65\">3a<\/td>\n<td width=\"204\">Frick, Sabrina<\/td>\n<\/tr>\n<tr>\n<td width=\"65\">&nbsp;<\/td>\n<td width=\"204\">Reinhardt, Yanina<\/td>\n<\/tr>\n<tr>\n<td width=\"65\">3b<\/td>\n<td width=\"204\">Schremser, Angela<\/td>\n<\/tr>\n<tr>\n<td width=\"65\">&nbsp;<\/td>\n<td width=\"204\">Denschlag, Carina<\/td>\n<\/tr>\n<tr>\n<td width=\"65\">3c<\/td>\n<td width=\"204\">J\u00e4ger, Stephanie<\/td>\n<\/tr>\n<tr>\n<td width=\"65\">&nbsp;<\/td>\n<td width=\"204\">Stockmann, Daniela<\/td>\n<\/tr>\n<tr>\n<td width=\"65\">3d<\/td>\n<td width=\"204\">Glensk, Carmen<\/td>\n<\/tr>\n<tr>\n<td width=\"65\">&nbsp;<\/td>\n<td width=\"204\">Jahr, Caroline<\/td>\n<\/tr>\n<tr>\n<td width=\"65\">3e<\/td>\n<td width=\"204\">Schneider, Hendrik<\/td>\n<\/tr>\n<tr>\n<td width=\"65\">&nbsp;<\/td>\n<td width=\"204\">Egle, Antje<\/td>\n<\/tr>\n<tr>\n<td width=\"65\">3f<\/td>\n<td width=\"204\">Wybranietz, Martin<\/td>\n<\/tr>\n<tr>\n<td width=\"65\">&nbsp;<\/td>\n<td width=\"204\">Sommerfeld, Helana<\/td>\n<\/tr>\n<tr>\n<td width=\"65\">4a<\/td>\n<td width=\"204\">Krause, Fabiene<\/td>\n<\/tr>\n<tr>\n<td width=\"65\">&nbsp;<\/td>\n<td width=\"204\">Maug\u00e9, Vanessa<\/td>\n<\/tr>\n<tr>\n<td width=\"65\">4b<\/td>\n<td width=\"204\">Kunz, Melanie<\/td>\n<\/tr>\n<tr>\n<td width=\"65\">&nbsp;<\/td>\n<td width=\"204\">Bl\u00fcm, Sonja<\/td>\n<\/tr>\n<tr>\n<td width=\"65\">4c<\/td>\n<td width=\"204\">Kafka, Sonja<\/td>\n<\/tr>\n<tr>\n<td width=\"65\">&nbsp;<\/td>\n<td width=\"204\">Selvarajaan, Anton<\/td>\n<\/tr>\n<tr>\n<td width=\"65\">4d<\/td>\n<td width=\"204\">Ruffini, Elena<\/td>\n<\/tr>\n<tr>\n<td width=\"65\">&nbsp;<\/td>\n<td width=\"204\">Hellwig, Eva<\/td>\n<\/tr>\n<tr>\n<td width=\"65\">4e<\/td>\n<td width=\"204\">Hainke, Sebastian<\/td>\n<\/tr>\n<tr>\n<td width=\"65\">&nbsp;<\/td>\n<td width=\"204\">Schneider, Florian<\/td>\n<\/tr>\n<tr>\n<td width=\"65\">4f<\/td>\n<td width=\"204\">Savasta, Angela<\/td>\n<\/tr>\n<tr>\n<td width=\"65\">&nbsp;<\/td>\n<td width=\"204\">Kaya, Katja<\/td>\n<\/tr>\n<\/tbody>\n<\/table>\n<p dir=\"LTR\" align=\"LEFT\">&nbsp;<\/p>\n<p dir=\"LTR\" align=\"LEFT\">&nbsp;<\/p>\n","protected":false},"excerpt":{"rendered":"<p>In jeder Klasse wird, f\u00fcr die Dauer von zwei Jahren, ein Klassenelternbeirat, sowie ein Stellvertreter. gew\u00e4hlt. Diese sind Ansprechpartner f\u00fcr alle Belange der Klassengemeinschaft. Der Schulelternbeirat besteht aus den gew\u00e4hlten Elternbeir\u00e4ten der Klassen. Die&#46;&#46;&#46;<\/p>\n","protected":false},"author":4,"featured_media":0,"parent":0,"menu_order":3,"comment_status":"closed","ping_status":"closed","template":"","meta":{"ngg_post_thumbnail":0,"footnotes":""},"class_list":["post-607","page","type-page","status-publish","hentry"],"_links":{"self":[{"href":"https:\/\/xn--schillerschule-brstadt-7lc.de\/index.php?rest_route=\/wp\/v2\/pages\/607","targetHints":{"allow":["GET"]}}],"collection":[{"href":"https:\/\/xn--schillerschule-brstadt-7lc.de\/index.php?rest_route=\/wp\/v2\/pages"}],"about":[{"href":"https:\/\/xn--schillerschule-brstadt-7lc.de\/index.php?rest_route=\/wp\/v2\/types\/page"}],"author":[{"embeddable":true,"href":"https:\/\/xn--schillerschule-brstadt-7lc.de\/index.php?rest_route=\/wp\/v2\/users\/4"}],"replies":[{"embeddable":true,"href":"https:\/\/xn--schillerschule-brstadt-7lc.de\/index.php?rest_route=%2Fwp%2Fv2%2Fcomments&post=607"}],"version-history":[{"count":14,"href":"https:\/\/xn--schillerschule-brstadt-7lc.de\/index.php?rest_route=\/wp\/v2\/pages\/607\/revisions"}],"predecessor-version":[{"id":5225,"href":"https:\/\/xn--schillerschule-brstadt-7lc.de\/index.php?rest_route=\/wp\/v2\/pages\/607\/revisions\/5225"}],"wp:attachment":[{"href":"https:\/\/xn--schillerschule-brstadt-7lc.de\/index.php?rest_route=%2Fwp%2Fv2%2Fmedia&parent=607"}],"curies":[{"name":"wp","href":"https:\/\/api.w.org\/{rel}","templated":true}]}}