{"id":25,"date":"2016-04-27T16:37:45","date_gmt":"2016-04-27T16:37:45","guid":{"rendered":"http:\/\/test-schillerschule.xn--schillerschule-brstadt-7lc.de\/?page_id=25"},"modified":"2025-09-24T06:33:42","modified_gmt":"2025-09-24T06:33:42","slug":"foerderverein","status":"publish","type":"page","link":"https:\/\/xn--schillerschule-brstadt-7lc.de\/?page_id=25","title":{"rendered":"F\u00f6rderverein"},"content":{"rendered":"<p><img loading=\"lazy\" decoding=\"async\" class=\"size-full wp-image-422 alignleft\" src=\"https:\/\/test-schillerschule.xn--schillerschule-brstadt-7lc.de\/wp-content\/uploads\/2016\/04\/logo-foerderv.gif\" alt=\"logo-foerderv\" width=\"113\" height=\"114\" srcset=\"https:\/\/xn--schillerschule-brstadt-7lc.de\/wp-content\/uploads\/2016\/04\/logo-foerderv.gif 113w, https:\/\/xn--schillerschule-brstadt-7lc.de\/wp-content\/uploads\/2016\/04\/logo-foerderv-50x50.gif 50w\" sizes=\"auto, (max-width: 113px) 100vw, 113px\" \/><\/p>\n<p>&nbsp;<\/p>\n<p>&nbsp;<\/p>\n<p><strong>Der F\u00f6rderverein der Schillerschule B\u00fcrstadt 1997 e.V.<\/strong><\/p>\n<p><span style=\"font-size: medium;\">Aufgrund der Anstrengungen unseres Schulverbandes hat die Schillerschule eine gute Grundausstattung. Um den Anforderungen einer modernen Schulbildung gerecht zu werden, werden jedoch zus\u00e4tzliche Mittel gebraucht. Hier kommt der F\u00f6rderverein ins Spiel, der Ideen zur Aufwertung des Schulalltags aufnimmt und umsetzt, Spenden akquiriert sowie Einnahmen &#8211; beispielsweise aus dem alle zwei Jahre stattfindenden Schulfest &#8211; verwaltet.<\/span><\/p>\n<p><span style=\"font-size: medium;\">Der F\u00f6rderverein wurde 1997 von engagierten Eltern gegr\u00fcndet und auch heute noch setzen sich Eltern und Vertreter der Lehrerschaft an einigen Abenden im Jahr zusammen und diskutieren und beschlie\u00dfen f\u00f6rderungsw\u00fcrdige Projekte.<\/span><\/p>\n<p><a href=\"https:\/\/xn--schillerschule-brstadt-7lc.de\/wp-content\/uploads\/2023\/02\/FLYER-FO\u0308RDERVEREIN-SCHILLERSCHULE-RZ.pdf\" target=\"_blank\" rel=\"noopener noreferrer\"><strong>Hier<\/strong><\/a> finden Sie den Flyer des F\u00f6rdervereins.<\/p>\n<p>&nbsp;<\/p>\n\n<div class=\"wp-block-image\">\n<figure class=\"aligncenter is-resized\"><img loading=\"lazy\" decoding=\"async\" width=\"330\" height=\"237\" src=\"https:\/\/internet.xn--schillerschule-brstadt-7lc.de\/wp-content\/uploads\/2023\/02\/Flyer-1.png\" alt=\"\" class=\"wp-image-4181\" style=\"width:536px;height:385px\" srcset=\"https:\/\/xn--schillerschule-brstadt-7lc.de\/wp-content\/uploads\/2023\/02\/Flyer-1.png 330w, https:\/\/xn--schillerschule-brstadt-7lc.de\/wp-content\/uploads\/2023\/02\/Flyer-1-300x215.png 300w, https:\/\/xn--schillerschule-brstadt-7lc.de\/wp-content\/uploads\/2023\/02\/Flyer-1-24x17.png 24w, https:\/\/xn--schillerschule-brstadt-7lc.de\/wp-content\/uploads\/2023\/02\/Flyer-1-36x26.png 36w, https:\/\/xn--schillerschule-brstadt-7lc.de\/wp-content\/uploads\/2023\/02\/Flyer-1-48x34.png 48w\" sizes=\"auto, (max-width: 330px) 100vw, 330px\" \/><\/figure><\/div>\n\n\n<figure class=\"wp-block-image is-resized\"><img loading=\"lazy\" decoding=\"async\" width=\"530\" height=\"368\" src=\"https:\/\/internet.xn--schillerschule-brstadt-7lc.de\/wp-content\/uploads\/2023\/02\/Flyer-2.png\" alt=\"\" class=\"wp-image-4180\" style=\"width:567px;height:394px\" srcset=\"https:\/\/xn--schillerschule-brstadt-7lc.de\/wp-content\/uploads\/2023\/02\/Flyer-2.png 530w, https:\/\/xn--schillerschule-brstadt-7lc.de\/wp-content\/uploads\/2023\/02\/Flyer-2-300x208.png 300w, https:\/\/xn--schillerschule-brstadt-7lc.de\/wp-content\/uploads\/2023\/02\/Flyer-2-24x17.png 24w, https:\/\/xn--schillerschule-brstadt-7lc.de\/wp-content\/uploads\/2023\/02\/Flyer-2-36x25.png 36w, https:\/\/xn--schillerschule-brstadt-7lc.de\/wp-content\/uploads\/2023\/02\/Flyer-2-48x33.png 48w\" sizes=\"auto, (max-width: 530px) 100vw, 530px\" \/><\/figure>\n\n\n\n<p><strong><a href=\"https:\/\/internet.xn--schillerschule-brstadt-7lc.de\/wp-content\/uploads\/2023\/05\/F%C3%B6rderverein.jpg\" target=\"_blank\" rel=\"noreferrer noopener\">Hier<\/a><\/strong> finden Sie eine Pressemeldung \u00fcber die Arbeit des F\u00f6rdervereins.\n\n<\/p>\n","protected":false},"excerpt":{"rendered":"<p>&nbsp; &nbsp; Der F\u00f6rderverein der Schillerschule B\u00fcrstadt 1997 e.V. Aufgrund der Anstrengungen unseres Schulverbandes hat die Schillerschule eine gute Grundausstattung. Um den Anforderungen einer modernen Schulbildung gerecht zu werden, werden jedoch zus\u00e4tzliche Mittel gebraucht.&#46;&#46;&#46;<\/p>\n","protected":false},"author":4,"featured_media":0,"parent":0,"menu_order":0,"comment_status":"closed","ping_status":"closed","template":"","meta":{"ngg_post_thumbnail":0,"footnotes":""},"class_list":["post-25","page","type-page","status-publish","hentry"],"_links":{"self":[{"href":"https:\/\/xn--schillerschule-brstadt-7lc.de\/index.php?rest_route=\/wp\/v2\/pages\/25","targetHints":{"allow":["GET"]}}],"collection":[{"href":"https:\/\/xn--schillerschule-brstadt-7lc.de\/index.php?rest_route=\/wp\/v2\/pages"}],"about":[{"href":"https:\/\/xn--schillerschule-brstadt-7lc.de\/index.php?rest_route=\/wp\/v2\/types\/page"}],"author":[{"embeddable":true,"href":"https:\/\/xn--schillerschule-brstadt-7lc.de\/index.php?rest_route=\/wp\/v2\/users\/4"}],"replies":[{"embeddable":true,"href":"https:\/\/xn--schillerschule-brstadt-7lc.de\/index.php?rest_route=%2Fwp%2Fv2%2Fcomments&post=25"}],"version-history":[{"count":40,"href":"https:\/\/xn--schillerschule-brstadt-7lc.de\/index.php?rest_route=\/wp\/v2\/pages\/25\/revisions"}],"predecessor-version":[{"id":5911,"href":"https:\/\/xn--schillerschule-brstadt-7lc.de\/index.php?rest_route=\/wp\/v2\/pages\/25\/revisions\/5911"}],"wp:attachment":[{"href":"https:\/\/xn--schillerschule-brstadt-7lc.de\/index.php?rest_route=%2Fwp%2Fv2%2Fmedia&parent=25"}],"curies":[{"name":"wp","href":"https:\/\/api.w.org\/{rel}","templated":true}]}}