{"id":2019,"date":"2017-12-14T20:26:09","date_gmt":"2017-12-14T20:26:09","guid":{"rendered":"http:\/\/internet.xn--schillerschule-brstadt-7lc.de\/?page_id=2019"},"modified":"2017-12-18T18:44:09","modified_gmt":"2017-12-18T18:44:09","slug":"kooperationspartner","status":"publish","type":"page","link":"https:\/\/xn--schillerschule-brstadt-7lc.de\/?page_id=2019","title":{"rendered":"Kooperationspartner"},"content":{"rendered":"<p><a href=\"https:\/\/www.eks-buerstadt.de\/\">Erich-K\u00e4stner-Schule B\u00fcrstadt<\/a><\/p>\n<p><a href=\"https:\/\/www.buerstadt.de\/lebenwohnen\/kinderbetreuung\/\" target=\"_blank\" rel=\"noopener noreferrer\">B\u00fcrst\u00e4dter Kitas<\/a><\/p>\n","protected":false},"excerpt":{"rendered":"<p>Erich-K\u00e4stner-Schule B\u00fcrstadt B\u00fcrst\u00e4dter Kitas<\/p>\n","protected":false},"author":3,"featured_media":0,"parent":0,"menu_order":0,"comment_status":"closed","ping_status":"closed","template":"","meta":{"ngg_post_thumbnail":0,"footnotes":""},"class_list":["post-2019","page","type-page","status-publish","hentry"],"_links":{"self":[{"href":"https:\/\/xn--schillerschule-brstadt-7lc.de\/index.php?rest_route=\/wp\/v2\/pages\/2019","targetHints":{"allow":["GET"]}}],"collection":[{"href":"https:\/\/xn--schillerschule-brstadt-7lc.de\/index.php?rest_route=\/wp\/v2\/pages"}],"about":[{"href":"https:\/\/xn--schillerschule-brstadt-7lc.de\/index.php?rest_route=\/wp\/v2\/types\/page"}],"author":[{"embeddable":true,"href":"https:\/\/xn--schillerschule-brstadt-7lc.de\/index.php?rest_route=\/wp\/v2\/users\/3"}],"replies":[{"embeddable":true,"href":"https:\/\/xn--schillerschule-brstadt-7lc.de\/index.php?rest_route=%2Fwp%2Fv2%2Fcomments&post=2019"}],"version-history":[{"count":3,"href":"https:\/\/xn--schillerschule-brstadt-7lc.de\/index.php?rest_route=\/wp\/v2\/pages\/2019\/revisions"}],"predecessor-version":[{"id":2053,"href":"https:\/\/xn--schillerschule-brstadt-7lc.de\/index.php?rest_route=\/wp\/v2\/pages\/2019\/revisions\/2053"}],"wp:attachment":[{"href":"https:\/\/xn--schillerschule-brstadt-7lc.de\/index.php?rest_route=%2Fwp%2Fv2%2Fmedia&parent=2019"}],"curies":[{"name":"wp","href":"https:\/\/api.w.org\/{rel}","templated":true}]}}