{"id":1208,"date":"2016-12-21T09:53:37","date_gmt":"2016-12-21T09:53:37","guid":{"rendered":"http:\/\/internet.xn--schillerschule-brstadt-7lc.de\/?page_id=1208"},"modified":"2026-02-11T09:08:10","modified_gmt":"2026-02-11T09:08:10","slug":"download","status":"publish","type":"page","link":"https:\/\/xn--schillerschule-brstadt-7lc.de\/?page_id=1208","title":{"rendered":"Download"},"content":{"rendered":"<p><a href=\"https:\/\/xn--schillerschule-brstadt-7lc.de\/wp-content\/uploads\/2025\/09\/Antrag-auf-Gestattung-des-Besuchs-einer-anderen-als-der-zustaendigen-Grundschule.pdf\" target=\"_blank\" rel=\"noopener\">Antrag auf Gestattung des Besuchs einer anderen als der zust\u00e4ndigen Schule<\/a><\/p>\n<p><a href=\"https:\/\/xn--schillerschule-brstadt-7lc.de\/wp-content\/uploads\/2025\/04\/Beurlaubung_vor_nach_Ferien.pdf\" target=\"_blank\" rel=\"noopener\">Antrag auf Beurlaubung<\/a><\/p>\n<p><a href=\"https:\/\/xn--schillerschule-brstadt-7lc.de\/wp-content\/uploads\/2025\/09\/Antrag-Rueckstellung-von-Eltern-gestellt.docx\" target=\"_blank\" rel=\"noopener\">Antrag auf R\u00fcckstellung<\/a><\/p>\n<p><a href=\"https:\/\/xn--schillerschule-brstadt-7lc.de\/wp-content\/uploads\/2025\/09\/Antrag-auf-freiwillige-Wiederholung.pdf\" target=\"_blank\" rel=\"noopener\">Antrag auf freiwillige R\u00fccknahme<\/a><\/p>\n<p><a href=\"https:\/\/xn--schillerschule-brstadt-7lc.de\/wp-content\/uploads\/2025\/09\/Antrag-auf-freiwilligers-Ueberspringen.pdf\" target=\"_blank\" rel=\"noopener\">Antrag auf freiwilliges \u00dcberspringen<\/a><\/p>\n<p><a href=\"https:\/\/xn--schillerschule-brstadt-7lc.de\/wp-content\/uploads\/2025\/09\/Buechereiordnung.pdf\" target=\"_blank\" rel=\"noopener\">B\u00fcchereiordnung<\/a><\/p>\n<p><a href=\"https:\/\/www.ukh.de\/fileadmin\/Medien\/Medien\/Formulare\/3-035_UKH_Formular_Vereinbarung_medizinische_Hilfsma%C3%9Fnahmen_Schule_WEB.pdf\" target=\"_blank\" rel=\"noopener\">Vereinbarung \u00fcber die Durchf\u00fchrung von medizinischen Hilfsma\u00dfnahmen und die Verabreichung von Medikamenten sowie Aufgaben\u00fcbertragung<\/a><\/p>\n<p>&nbsp;<\/p>\n<p>&nbsp;<\/p>\n<p>&nbsp;<\/p>\n<p>&nbsp;<\/p>\n\n\n<p><\/p>\n","protected":false},"excerpt":{"rendered":"<p>Antrag auf Gestattung des Besuchs einer anderen als der zust\u00e4ndigen Schule Antrag auf Beurlaubung Antrag auf R\u00fcckstellung Antrag auf freiwillige R\u00fccknahme Antrag auf freiwilliges \u00dcberspringen B\u00fcchereiordnung Vereinbarung \u00fcber die Durchf\u00fchrung von medizinischen Hilfsma\u00dfnahmen und&#46;&#46;&#46;<\/p>\n","protected":false},"author":4,"featured_media":0,"parent":0,"menu_order":0,"comment_status":"closed","ping_status":"closed","template":"","meta":{"ngg_post_thumbnail":0,"footnotes":""},"class_list":["post-1208","page","type-page","status-publish","hentry"],"_links":{"self":[{"href":"https:\/\/xn--schillerschule-brstadt-7lc.de\/index.php?rest_route=\/wp\/v2\/pages\/1208","targetHints":{"allow":["GET"]}}],"collection":[{"href":"https:\/\/xn--schillerschule-brstadt-7lc.de\/index.php?rest_route=\/wp\/v2\/pages"}],"about":[{"href":"https:\/\/xn--schillerschule-brstadt-7lc.de\/index.php?rest_route=\/wp\/v2\/types\/page"}],"author":[{"embeddable":true,"href":"https:\/\/xn--schillerschule-brstadt-7lc.de\/index.php?rest_route=\/wp\/v2\/users\/4"}],"replies":[{"embeddable":true,"href":"https:\/\/xn--schillerschule-brstadt-7lc.de\/index.php?rest_route=%2Fwp%2Fv2%2Fcomments&post=1208"}],"version-history":[{"count":19,"href":"https:\/\/xn--schillerschule-brstadt-7lc.de\/index.php?rest_route=\/wp\/v2\/pages\/1208\/revisions"}],"predecessor-version":[{"id":6083,"href":"https:\/\/xn--schillerschule-brstadt-7lc.de\/index.php?rest_route=\/wp\/v2\/pages\/1208\/revisions\/6083"}],"wp:attachment":[{"href":"https:\/\/xn--schillerschule-brstadt-7lc.de\/index.php?rest_route=%2Fwp%2Fv2%2Fmedia&parent=1208"}],"curies":[{"name":"wp","href":"https:\/\/api.w.org\/{rel}","templated":true}]}}